{"id":834,"date":"2024-01-28T10:58:39","date_gmt":"2024-01-28T10:58:39","guid":{"rendered":"https:\/\/tcgeorgia.com.ge\/bizim-haqqimizda\/"},"modified":"2024-05-23T18:39:09","modified_gmt":"2024-05-23T18:39:09","slug":"bizim-haqqimizda","status":"publish","type":"page","link":"https:\/\/tcgeorgia.com.ge\/az\/bizim-haqqimizda\/","title":{"rendered":"bizim haqq\u0131m\u0131zda"},"content":{"rendered":"\t\t<div data-elementor-type=\"wp-page\" data-elementor-id=\"834\" class=\"elementor elementor-834 elementor-103\" data-elementor-post-type=\"page\">\n\t\t\t\t\t\t<section class=\"elementor-section elementor-top-section elementor-element elementor-element-d4541ba elementor-section-height-min-height elementor-section-boxed elementor-section-height-default elementor-section-items-middle\" data-id=\"d4541ba\" data-element_type=\"section\" data-settings=\"{&quot;background_background&quot;:&quot;classic&quot;}\">\n\t\t\t\t\t\t\t<div class=\"elementor-background-overlay\"><\/div>\n\t\t\t\t\t\t\t<div class=\"elementor-container elementor-column-gap-no\">\n\t\t\t\t\t<div class=\"elementor-column elementor-col-100 elementor-top-column elementor-element elementor-element-106729a5\" data-id=\"106729a5\" data-element_type=\"column\" data-settings=\"{&quot;background_background&quot;:&quot;classic&quot;}\">\n\t\t\t<div class=\"elementor-widget-wrap elementor-element-populated\">\n\t\t\t\t\t\t<div class=\"elementor-element elementor-element-1ee5d79f elementor-widget elementor-widget-heading\" data-id=\"1ee5d79f\" data-element_type=\"widget\" data-widget_type=\"heading.default\">\n\t\t\t\t<div class=\"elementor-widget-container\">\n\t\t\t\t\t<h1 class=\"elementor-heading-title elementor-size-default\">bizim haqq\u0131m\u0131zda<\/h1>\t\t\t\t<\/div>\n\t\t\t\t<\/div>\n\t\t\t\t\t<\/div>\n\t\t<\/div>\n\t\t\t\t\t<\/div>\n\t\t<\/section>\n\t\t\t\t<section class=\"elementor-section elementor-top-section elementor-element elementor-element-2c3d97a3 elementor-section-boxed elementor-section-height-default elementor-section-height-default\" data-id=\"2c3d97a3\" data-element_type=\"section\">\n\t\t\t\t\t\t<div class=\"elementor-container elementor-column-gap-no\">\n\t\t\t\t\t<div class=\"elementor-column elementor-col-100 elementor-top-column elementor-element elementor-element-4789b700\" data-id=\"4789b700\" data-element_type=\"column\">\n\t\t\t<div class=\"elementor-widget-wrap elementor-element-populated\">\n\t\t\t\t\t\t<section class=\"elementor-section elementor-inner-section elementor-element elementor-element-69d63401 elementor-section-boxed elementor-section-height-default elementor-section-height-default\" data-id=\"69d63401\" data-element_type=\"section\">\n\t\t\t\t\t\t<div class=\"elementor-container elementor-column-gap-no\">\n\t\t\t\t\t<div class=\"elementor-column elementor-col-50 elementor-inner-column elementor-element elementor-element-160765a0\" data-id=\"160765a0\" data-element_type=\"column\">\n\t\t\t<div class=\"elementor-widget-wrap elementor-element-populated\">\n\t\t\t\t\t\t<div class=\"elementor-element elementor-element-49cbe7c3 elementor-widget elementor-widget-heading\" data-id=\"49cbe7c3\" data-element_type=\"widget\" data-widget_type=\"heading.default\">\n\t\t\t\t<div class=\"elementor-widget-container\">\n\t\t\t\t\t<h5 class=\"elementor-heading-title elementor-size-default\">bizim haqq\u0131m\u0131zda<\/h5>\t\t\t\t<\/div>\n\t\t\t\t<\/div>\n\t\t\t\t<div class=\"elementor-element elementor-element-748b5c31 elementor-widget elementor-widget-heading\" data-id=\"748b5c31\" data-element_type=\"widget\" data-widget_type=\"heading.default\">\n\t\t\t\t<div class=\"elementor-widget-container\">\n\t\t\t\t\t<h3 class=\"elementor-heading-title elementor-size-default\">Bu g\u00fcn\u0259 q\u0259d\u0259r 129 \u00f6lk\u0259d\u0259 m\u0259rk\u0259zl\u0259rin say\u0131 1400-\u00fc \u00f6t\u00fcb.<\/h3>\t\t\t\t<\/div>\n\t\t\t\t<\/div>\n\t\t\t\t\t<\/div>\n\t\t<\/div>\n\t\t\t\t<div class=\"elementor-column elementor-col-50 elementor-inner-column elementor-element elementor-element-69d7b831\" data-id=\"69d7b831\" data-element_type=\"column\">\n\t\t\t<div class=\"elementor-widget-wrap elementor-element-populated\">\n\t\t\t\t\t\t<div class=\"elementor-element elementor-element-8081d52 elementor-widget elementor-widget-text-editor\" data-id=\"8081d52\" data-element_type=\"widget\" data-widget_type=\"text-editor.default\">\n\t\t\t\t<div class=\"elementor-widget-container\">\n\t\t\t\t\t\t\t\t\t<p>\u0130lk Teen Challenge m\u0259rk\u0259zi 1958-ci ild\u0259 AB\u015e-\u0131n Nyu-York \u015f\u0259h\u0259rind\u0259 yarad\u0131l\u0131b. Teen Challenge Georgia 2010-cu ilin iyununda Doug v\u0259 Anna Boyle t\u0259r\u0259find\u0259n t\u0259sis edilmi\u015fdir (a\u015fa\u011f\u0131dak\u0131 \u015f\u0259kild\u0259).<\/p>\n<p>G\u0259ncl\u0259r\u0259, ki\u015fil\u0259r\u0259 v\u0259 qad\u0131nlara narkomaniya v\u0259 alkoqolizm kimi h\u0259yat\u0131 idar\u0259 ed\u0259n probleml\u0259r\u0259 t\u0259sirli v\u0259 h\u0259rt\u0259r\u0259fli h\u0259ll yollar\u0131 t\u0259qdim etm\u0259k, bel\u0259likl\u0259 c\u0259miyy\u0259tin m\u0259hsuldar \u00fczvl\u0259rin\u0259 \u00e7evrilm\u0259k. Teen Challenge Georgia-n\u0131n m\u0259qs\u0259di insanlara \u0259qli v\u0259 fiziki c\u0259h\u0259td\u0259n sa\u011flam, emosional balansl\u0131, sosial uy\u011funla\u015fma v\u0259 m\u0259n\u0259vi c\u0259h\u0259td\u0259n canl\u0131 olma\u011fa k\u00f6m\u0259k etm\u0259kdir.<\/p>\n\t\t\t\t\t\t\t\t<\/div>\n\t\t\t\t<\/div>\n\t\t\t\t\t<\/div>\n\t\t<\/div>\n\t\t\t\t\t<\/div>\n\t\t<\/section>\n\t\t\t\t\t<\/div>\n\t\t<\/div>\n\t\t\t\t\t<\/div>\n\t\t<\/section>\n\t\t<div class=\"elementor-element elementor-element-432aa0d e-flex e-con-boxed e-con e-parent\" data-id=\"432aa0d\" data-element_type=\"container\">\n\t\t\t\t\t<div class=\"e-con-inner\">\n\t\t<div class=\"elementor-element elementor-element-da21c49 e-con-full e-flex e-con e-child\" data-id=\"da21c49\" data-element_type=\"container\">\n\t\t\t\t<div class=\"elementor-element elementor-element-dbc39aa elementor-widget elementor-widget-image\" data-id=\"dbc39aa\" data-element_type=\"widget\" data-widget_type=\"image.default\">\n\t\t\t\t<div class=\"elementor-widget-container\">\n\t\t\t\t\t\t\t\t\t\t\t\t\t\t\t<img fetchpriority=\"high\" decoding=\"async\" width=\"800\" height=\"785\" src=\"https:\/\/tcgeorgia.com.ge\/wp-content\/uploads\/2024\/01\/2-min.jpeg\" class=\"attachment-large size-large wp-image-776\" alt=\"\" srcset=\"https:\/\/tcgeorgia.com.ge\/wp-content\/uploads\/2024\/01\/2-min.jpeg 1024w, https:\/\/tcgeorgia.com.ge\/wp-content\/uploads\/2024\/01\/2-min-300x294.jpeg 300w, https:\/\/tcgeorgia.com.ge\/wp-content\/uploads\/2024\/01\/2-min-768x754.jpeg 768w\" sizes=\"(max-width: 800px) 100vw, 800px\" \/>\t\t\t\t\t\t\t\t\t\t\t\t\t\t\t<\/div>\n\t\t\t\t<\/div>\n\t\t\t\t<\/div>\n\t\t<div class=\"elementor-element elementor-element-d9587c8 e-con-full e-flex e-con e-child\" data-id=\"d9587c8\" data-element_type=\"container\">\n\t\t\t\t<div class=\"elementor-element elementor-element-ae83dcb elementor-widget elementor-widget-text-editor\" data-id=\"ae83dcb\" data-element_type=\"widget\" data-widget_type=\"text-editor.default\">\n\t\t\t\t<div class=\"elementor-widget-container\">\n\t\t\t\t\t\t\t\t\t<h3><strong>Biz nec\u0259 k\u00f6m\u0259k edirik?<\/strong><\/h3>\n<p>Biz alkoqol, narkotik v\u0259 qumar as\u0131l\u0131l\u0131\u011f\u0131ndan xilas olmaq ist\u0259y\u0259n ki\u015fil\u0259r v\u0259 qad\u0131nlar \u00fc\u00e7\u00fcn 12 ay, 24 saat, narkotiksiz terapevtik icma t\u0259klif edirik. Biz t\u0259klif etm\u0259kl\u0259 onlar\u0131n sosial, emosional, fiziki v\u0259 m\u0259n\u0259vi ehtiyaclar\u0131n\u0131 qar\u015f\u0131lay\u0131r\u0131q:<\/p>\n<p><em>1. F\u0259rdi v\u0259 qrup xarakter inki\u015faf\u0131 d\u0259rsl\u0259ri<\/em><br \/><em>2. F\u0259rdi konsultasiyalar<\/em><br \/><em>3. Anadilil\u0259rl\u0259 ingilis dili kurslar\u0131<\/em><br \/><em>4. H\u0259yat bacar\u0131qlar\u0131 t\u0259limi<\/em><br \/><em>5. Komp\u00fcter t\u0259limi<\/em><br \/><em>6. Pe\u015f\u0259 t\u0259hsili, idman v\u0259 istirah\u0259t<\/em><\/p>\n\t\t\t\t\t\t\t\t<\/div>\n\t\t\t\t<\/div>\n\t\t\t\t<\/div>\n\t\t\t\t\t<\/div>\n\t\t\t\t<\/div>\n\t\t<div class=\"elementor-element elementor-element-f77f239 e-flex e-con-boxed e-con e-parent\" data-id=\"f77f239\" data-element_type=\"container\">\n\t\t\t\t\t<div class=\"e-con-inner\">\n\t\t\t\t\t<\/div>\n\t\t\t\t<\/div>\n\t\t\t\t<section class=\"elementor-section elementor-top-section elementor-element elementor-element-242fab65 elementor-section-boxed elementor-section-height-default elementor-section-height-default\" data-id=\"242fab65\" data-element_type=\"section\" data-settings=\"{&quot;background_background&quot;:&quot;classic&quot;}\">\n\t\t\t\t\t\t\t<div class=\"elementor-background-overlay\"><\/div>\n\t\t\t\t\t\t\t<div class=\"elementor-container elementor-column-gap-no\">\n\t\t\t\t\t<div class=\"elementor-column elementor-col-100 elementor-top-column elementor-element elementor-element-7b515e1c\" data-id=\"7b515e1c\" data-element_type=\"column\">\n\t\t\t<div class=\"elementor-widget-wrap elementor-element-populated\">\n\t\t\t\t\t\t<div class=\"elementor-element elementor-element-6240dffb elementor-widget elementor-widget-heading\" data-id=\"6240dffb\" data-element_type=\"widget\" data-widget_type=\"heading.default\">\n\t\t\t\t<div class=\"elementor-widget-container\">\n\t\t\t\t\t<h3 class=\"elementor-heading-title elementor-size-default\">As\u0131l\u0131l\u0131q olmadan h\u0259yat!<\/h3>\t\t\t\t<\/div>\n\t\t\t\t<\/div>\n\t\t\t\t<div class=\"elementor-element elementor-element-9263b1c elementor-align-center elementor-widget elementor-widget-button\" data-id=\"9263b1c\" data-element_type=\"widget\" data-widget_type=\"button.default\">\n\t\t\t\t<div class=\"elementor-widget-container\">\n\t\t\t\t\t\t\t\t\t<div class=\"elementor-button-wrapper\">\n\t\t\t\t\t<a class=\"elementor-button elementor-button-link elementor-size-sm\" href=\"https:\/\/tcgeorgia.com.ge\/az\/ian%c9%99\/\">\n\t\t\t\t\t\t<span class=\"elementor-button-content-wrapper\">\n\t\t\t\t\t\t\t\t\t<span class=\"elementor-button-text\">\u0130an\u0259<\/span>\n\t\t\t\t\t<\/span>\n\t\t\t\t\t<\/a>\n\t\t\t\t<\/div>\n\t\t\t\t\t\t\t\t<\/div>\n\t\t\t\t<\/div>\n\t\t\t\t\t<\/div>\n\t\t<\/div>\n\t\t\t\t\t<\/div>\n\t\t<\/section>\n\t\t<div class=\"elementor-element elementor-element-f07aea6 e-flex e-con-boxed e-con e-parent\" data-id=\"f07aea6\" data-element_type=\"container\">\n\t\t\t\t\t<div class=\"e-con-inner\">\n\t\t\t\t<div class=\"elementor-element elementor-element-7ac1ad6 elementor-widget__width-initial elementor-widget elementor-widget-heading\" data-id=\"7ac1ad6\" data-element_type=\"widget\" data-widget_type=\"heading.default\">\n\t\t\t\t<div class=\"elementor-widget-container\">\n\t\t\t\t\t<h2 class=\"elementor-heading-title elementor-size-default\">t\u0259r\u0259fda\u015flar<\/h2>\t\t\t\t<\/div>\n\t\t\t\t<\/div>\n\t\t\t\t\t<\/div>\n\t\t\t\t<\/div>\n\t\t\t\t<section class=\"elementor-section elementor-top-section elementor-element elementor-element-7022e777 elementor-section-boxed elementor-section-height-default elementor-section-height-default\" data-id=\"7022e777\" data-element_type=\"section\" data-settings=\"{&quot;background_background&quot;:&quot;classic&quot;}\">\n\t\t\t\t\t\t<div class=\"elementor-container elementor-column-gap-no\">\n\t\t\t\t\t<div class=\"elementor-column elementor-col-100 elementor-top-column elementor-element elementor-element-601a9b30\" data-id=\"601a9b30\" data-element_type=\"column\">\n\t\t\t<div class=\"elementor-widget-wrap elementor-element-populated\">\n\t\t\t\t\t\t<div class=\"elementor-element elementor-element-71a7a751 elementor-widget elementor-widget-image-carousel\" data-id=\"71a7a751\" data-element_type=\"widget\" data-settings=\"{&quot;slides_to_show&quot;:&quot;4&quot;,&quot;navigation&quot;:&quot;none&quot;,&quot;slides_to_show_tablet&quot;:&quot;3&quot;,&quot;slides_to_show_mobile&quot;:&quot;2&quot;,&quot;image_spacing_custom&quot;:{&quot;unit&quot;:&quot;px&quot;,&quot;size&quot;:100,&quot;sizes&quot;:[]},&quot;autoplay&quot;:&quot;yes&quot;,&quot;pause_on_hover&quot;:&quot;yes&quot;,&quot;pause_on_interaction&quot;:&quot;yes&quot;,&quot;autoplay_speed&quot;:5000,&quot;infinite&quot;:&quot;yes&quot;,&quot;speed&quot;:500,&quot;image_spacing_custom_tablet&quot;:{&quot;unit&quot;:&quot;px&quot;,&quot;size&quot;:&quot;&quot;,&quot;sizes&quot;:[]},&quot;image_spacing_custom_mobile&quot;:{&quot;unit&quot;:&quot;px&quot;,&quot;size&quot;:&quot;&quot;,&quot;sizes&quot;:[]}}\" data-widget_type=\"image-carousel.default\">\n\t\t\t\t<div class=\"elementor-widget-container\">\n\t\t\t\t\t\t\t<div class=\"elementor-image-carousel-wrapper swiper\" role=\"region\" aria-roledescription=\"carousel\" aria-label=\"Image Carousel\" dir=\"ltr\">\n\t\t\t<div class=\"elementor-image-carousel swiper-wrapper\" aria-live=\"off\">\n\t\t\t\t\t\t\t\t<div class=\"swiper-slide\" role=\"group\" aria-roledescription=\"slide\" aria-label=\"1 of 4\"><figure class=\"swiper-slide-inner\"><img decoding=\"async\" class=\"swiper-slide-image\" src=\"https:\/\/tcgeorgia.com.ge\/wp-content\/uploads\/2024\/01\/2-min.png\" alt=\"2-min\" \/><\/figure><\/div><div class=\"swiper-slide\" role=\"group\" aria-roledescription=\"slide\" aria-label=\"2 of 4\"><figure class=\"swiper-slide-inner\"><img decoding=\"async\" class=\"swiper-slide-image\" src=\"https:\/\/tcgeorgia.com.ge\/wp-content\/uploads\/2024\/01\/3-min-768x808.png\" alt=\"3-min\" \/><\/figure><\/div><div class=\"swiper-slide\" role=\"group\" aria-roledescription=\"slide\" aria-label=\"3 of 4\"><figure class=\"swiper-slide-inner\"><img decoding=\"async\" class=\"swiper-slide-image\" src=\"https:\/\/tcgeorgia.com.ge\/wp-content\/uploads\/2024\/01\/4-min.png\" alt=\"4-min\" \/><\/figure><\/div><div class=\"swiper-slide\" role=\"group\" aria-roledescription=\"slide\" aria-label=\"4 of 4\"><figure class=\"swiper-slide-inner\"><img decoding=\"async\" class=\"swiper-slide-image\" src=\"https:\/\/tcgeorgia.com.ge\/wp-content\/uploads\/2024\/01\/teen_challenge-min.gif\" alt=\"teen_challenge-min\" \/><\/figure><\/div>\t\t\t<\/div>\n\t\t\t\t\t\t\t\n\t\t\t\t\t\t\t\t\t<\/div>\n\t\t\t\t\t\t<\/div>\n\t\t\t\t<\/div>\n\t\t\t\t\t<\/div>\n\t\t<\/div>\n\t\t\t\t\t<\/div>\n\t\t<\/section>\n\t\t<div class=\"elementor-element elementor-element-b58209c e-flex e-con-boxed e-con e-parent\" data-id=\"b58209c\" data-element_type=\"container\">\n\t\t\t\t\t<div class=\"e-con-inner\">\n\t\t\t\t<div class=\"elementor-element elementor-element-68e3de4 elementor-widget elementor-widget-image\" data-id=\"68e3de4\" data-element_type=\"widget\" data-widget_type=\"image.default\">\n\t\t\t\t<div class=\"elementor-widget-container\">\n\t\t\t\t\t\t\t\t\t\t\t\t\t\t\t<img decoding=\"async\" width=\"985\" height=\"658\" src=\"https:\/\/tcgeorgia.com.ge\/wp-content\/uploads\/2024\/01\/3-min.jpg\" class=\"attachment-full size-full wp-image-782\" alt=\"\" srcset=\"https:\/\/tcgeorgia.com.ge\/wp-content\/uploads\/2024\/01\/3-min.jpg 985w, https:\/\/tcgeorgia.com.ge\/wp-content\/uploads\/2024\/01\/3-min-300x200.jpg 300w, https:\/\/tcgeorgia.com.ge\/wp-content\/uploads\/2024\/01\/3-min-768x513.jpg 768w\" sizes=\"(max-width: 985px) 100vw, 985px\" \/>\t\t\t\t\t\t\t\t\t\t\t\t\t\t\t<\/div>\n\t\t\t\t<\/div>\n\t\t\t\t\t<\/div>\n\t\t\t\t<\/div>\n\t\t\t\t<\/div>\n\t\t","protected":false},"excerpt":{"rendered":"<p>bizim haqq\u0131m\u0131zda bizim haqq\u0131m\u0131zda Bu g\u00fcn\u0259 q\u0259d\u0259r 129 \u00f6lk\u0259d\u0259 m\u0259rk\u0259zl\u0259rin say\u0131 1400-\u00fc \u00f6t\u00fcb. \u0130lk Teen Challenge m\u0259rk\u0259zi 1958-ci ild\u0259 AB\u015e-\u0131n Nyu-York \u015f\u0259h\u0259rind\u0259 yarad\u0131l\u0131b. Teen Challenge Georgia 2010-cu ilin iyununda Doug v\u0259 Anna Boyle t\u0259r\u0259find\u0259n t\u0259sis edilmi\u015fdir (a\u015fa\u011f\u0131dak\u0131 \u015f\u0259kild\u0259). G\u0259ncl\u0259r\u0259, ki\u015fil\u0259r\u0259 v\u0259 qad\u0131nlara narkomaniya v\u0259 alkoqolizm kimi h\u0259yat\u0131 idar\u0259 ed\u0259n probleml\u0259r\u0259 t\u0259sirli v\u0259 h\u0259rt\u0259r\u0259fli h\u0259ll yollar\u0131 [&hellip;]<\/p>\n","protected":false},"author":1,"featured_media":0,"parent":0,"menu_order":0,"comment_status":"closed","ping_status":"closed","template":"elementor_header_footer","meta":{"footnotes":""},"class_list":["post-834","page","type-page","status-publish","hentry"],"yoast_head":"<!-- This site is optimized with the Yoast SEO plugin v24.7 - https:\/\/yoast.com\/wordpress\/plugins\/seo\/ -->\n<title>bizim haqq\u0131m\u0131zda - TCGEORGIA<\/title>\n<meta name=\"robots\" content=\"index, follow, max-snippet:-1, max-image-preview:large, max-video-preview:-1\" \/>\n<link rel=\"canonical\" href=\"https:\/\/tcgeorgia.com.ge\/az\/bizim-haqqimizda\/\" \/>\n<meta property=\"og:locale\" content=\"az_AZ\" \/>\n<meta property=\"og:type\" content=\"article\" \/>\n<meta property=\"og:title\" content=\"bizim haqq\u0131m\u0131zda - TCGEORGIA\" \/>\n<meta property=\"og:description\" content=\"bizim haqq\u0131m\u0131zda bizim haqq\u0131m\u0131zda Bu g\u00fcn\u0259 q\u0259d\u0259r 129 \u00f6lk\u0259d\u0259 m\u0259rk\u0259zl\u0259rin say\u0131 1400-\u00fc \u00f6t\u00fcb. \u0130lk Teen Challenge m\u0259rk\u0259zi 1958-ci ild\u0259 AB\u015e-\u0131n Nyu-York \u015f\u0259h\u0259rind\u0259 yarad\u0131l\u0131b. Teen Challenge Georgia 2010-cu ilin iyununda Doug v\u0259 Anna Boyle t\u0259r\u0259find\u0259n t\u0259sis edilmi\u015fdir (a\u015fa\u011f\u0131dak\u0131 \u015f\u0259kild\u0259). G\u0259ncl\u0259r\u0259, ki\u015fil\u0259r\u0259 v\u0259 qad\u0131nlara narkomaniya v\u0259 alkoqolizm kimi h\u0259yat\u0131 idar\u0259 ed\u0259n probleml\u0259r\u0259 t\u0259sirli v\u0259 h\u0259rt\u0259r\u0259fli h\u0259ll yollar\u0131 [&hellip;]\" \/>\n<meta property=\"og:url\" content=\"https:\/\/tcgeorgia.com.ge\/az\/bizim-haqqimizda\/\" \/>\n<meta property=\"og:site_name\" content=\"TCGEORGIA\" \/>\n<meta property=\"article:modified_time\" content=\"2024-05-23T18:39:09+00:00\" \/>\n<meta property=\"og:image\" content=\"https:\/\/tcgeorgia.com.ge\/wp-content\/uploads\/2024\/01\/2-min.jpeg\" \/>\n<meta name=\"twitter:card\" content=\"summary_large_image\" \/>\n<meta name=\"twitter:label1\" content=\"Est. reading time\" \/>\n\t<meta name=\"twitter:data1\" content=\"1 minute\" \/>\n<script type=\"application\/ld+json\" class=\"yoast-schema-graph\">{\"@context\":\"https:\/\/schema.org\",\"@graph\":[{\"@type\":\"WebPage\",\"@id\":\"https:\/\/tcgeorgia.com.ge\/az\/bizim-haqqimizda\/\",\"url\":\"https:\/\/tcgeorgia.com.ge\/az\/bizim-haqqimizda\/\",\"name\":\"bizim haqq\u0131m\u0131zda - TCGEORGIA\",\"isPartOf\":{\"@id\":\"https:\/\/tcgeorgia.com.ge\/#website\"},\"primaryImageOfPage\":{\"@id\":\"https:\/\/tcgeorgia.com.ge\/az\/bizim-haqqimizda\/#primaryimage\"},\"image\":{\"@id\":\"https:\/\/tcgeorgia.com.ge\/az\/bizim-haqqimizda\/#primaryimage\"},\"thumbnailUrl\":\"https:\/\/tcgeorgia.com.ge\/wp-content\/uploads\/2024\/01\/2-min.jpeg\",\"datePublished\":\"2024-01-28T10:58:39+00:00\",\"dateModified\":\"2024-05-23T18:39:09+00:00\",\"breadcrumb\":{\"@id\":\"https:\/\/tcgeorgia.com.ge\/az\/bizim-haqqimizda\/#breadcrumb\"},\"inLanguage\":\"az\",\"potentialAction\":[{\"@type\":\"ReadAction\",\"target\":[\"https:\/\/tcgeorgia.com.ge\/az\/bizim-haqqimizda\/\"]}]},{\"@type\":\"ImageObject\",\"inLanguage\":\"az\",\"@id\":\"https:\/\/tcgeorgia.com.ge\/az\/bizim-haqqimizda\/#primaryimage\",\"url\":\"https:\/\/tcgeorgia.com.ge\/wp-content\/uploads\/2024\/01\/2-min.jpeg\",\"contentUrl\":\"https:\/\/tcgeorgia.com.ge\/wp-content\/uploads\/2024\/01\/2-min.jpeg\"},{\"@type\":\"BreadcrumbList\",\"@id\":\"https:\/\/tcgeorgia.com.ge\/az\/bizim-haqqimizda\/#breadcrumb\",\"itemListElement\":[{\"@type\":\"ListItem\",\"position\":1,\"name\":\"Home\",\"item\":\"https:\/\/tcgeorgia.com.ge\/\"},{\"@type\":\"ListItem\",\"position\":2,\"name\":\"bizim haqq\u0131m\u0131zda\"}]},{\"@type\":\"WebSite\",\"@id\":\"https:\/\/tcgeorgia.com.ge\/#website\",\"url\":\"https:\/\/tcgeorgia.com.ge\/\",\"name\":\"TCGEORGIA\",\"description\":\"\",\"publisher\":{\"@id\":\"https:\/\/tcgeorgia.com.ge\/#organization\"},\"potentialAction\":[{\"@type\":\"SearchAction\",\"target\":{\"@type\":\"EntryPoint\",\"urlTemplate\":\"https:\/\/tcgeorgia.com.ge\/?s={search_term_string}\"},\"query-input\":{\"@type\":\"PropertyValueSpecification\",\"valueRequired\":true,\"valueName\":\"search_term_string\"}}],\"inLanguage\":\"az\"},{\"@type\":\"Organization\",\"@id\":\"https:\/\/tcgeorgia.com.ge\/#organization\",\"name\":\"TCGEORGIA\",\"url\":\"https:\/\/tcgeorgia.com.ge\/\",\"logo\":{\"@type\":\"ImageObject\",\"inLanguage\":\"az\",\"@id\":\"https:\/\/tcgeorgia.com.ge\/#\/schema\/logo\/image\/\",\"url\":\"https:\/\/tcgeorgia.com.ge\/wp-content\/uploads\/2024\/01\/Untitled-design-1.png\",\"contentUrl\":\"https:\/\/tcgeorgia.com.ge\/wp-content\/uploads\/2024\/01\/Untitled-design-1.png\",\"width\":1743,\"height\":573,\"caption\":\"TCGEORGIA\"},\"image\":{\"@id\":\"https:\/\/tcgeorgia.com.ge\/#\/schema\/logo\/image\/\"}}]}<\/script>\n<!-- \/ Yoast SEO plugin. -->","yoast_head_json":{"title":"bizim haqq\u0131m\u0131zda - TCGEORGIA","robots":{"index":"index","follow":"follow","max-snippet":"max-snippet:-1","max-image-preview":"max-image-preview:large","max-video-preview":"max-video-preview:-1"},"canonical":"https:\/\/tcgeorgia.com.ge\/az\/bizim-haqqimizda\/","og_locale":"az_AZ","og_type":"article","og_title":"bizim haqq\u0131m\u0131zda - TCGEORGIA","og_description":"bizim haqq\u0131m\u0131zda bizim haqq\u0131m\u0131zda Bu g\u00fcn\u0259 q\u0259d\u0259r 129 \u00f6lk\u0259d\u0259 m\u0259rk\u0259zl\u0259rin say\u0131 1400-\u00fc \u00f6t\u00fcb. \u0130lk Teen Challenge m\u0259rk\u0259zi 1958-ci ild\u0259 AB\u015e-\u0131n Nyu-York \u015f\u0259h\u0259rind\u0259 yarad\u0131l\u0131b. Teen Challenge Georgia 2010-cu ilin iyununda Doug v\u0259 Anna Boyle t\u0259r\u0259find\u0259n t\u0259sis edilmi\u015fdir (a\u015fa\u011f\u0131dak\u0131 \u015f\u0259kild\u0259). G\u0259ncl\u0259r\u0259, ki\u015fil\u0259r\u0259 v\u0259 qad\u0131nlara narkomaniya v\u0259 alkoqolizm kimi h\u0259yat\u0131 idar\u0259 ed\u0259n probleml\u0259r\u0259 t\u0259sirli v\u0259 h\u0259rt\u0259r\u0259fli h\u0259ll yollar\u0131 [&hellip;]","og_url":"https:\/\/tcgeorgia.com.ge\/az\/bizim-haqqimizda\/","og_site_name":"TCGEORGIA","article_modified_time":"2024-05-23T18:39:09+00:00","og_image":[{"url":"https:\/\/tcgeorgia.com.ge\/wp-content\/uploads\/2024\/01\/2-min.jpeg","type":"","width":"","height":""}],"twitter_card":"summary_large_image","twitter_misc":{"Est. reading time":"1 minute"},"schema":{"@context":"https:\/\/schema.org","@graph":[{"@type":"WebPage","@id":"https:\/\/tcgeorgia.com.ge\/az\/bizim-haqqimizda\/","url":"https:\/\/tcgeorgia.com.ge\/az\/bizim-haqqimizda\/","name":"bizim haqq\u0131m\u0131zda - TCGEORGIA","isPartOf":{"@id":"https:\/\/tcgeorgia.com.ge\/#website"},"primaryImageOfPage":{"@id":"https:\/\/tcgeorgia.com.ge\/az\/bizim-haqqimizda\/#primaryimage"},"image":{"@id":"https:\/\/tcgeorgia.com.ge\/az\/bizim-haqqimizda\/#primaryimage"},"thumbnailUrl":"https:\/\/tcgeorgia.com.ge\/wp-content\/uploads\/2024\/01\/2-min.jpeg","datePublished":"2024-01-28T10:58:39+00:00","dateModified":"2024-05-23T18:39:09+00:00","breadcrumb":{"@id":"https:\/\/tcgeorgia.com.ge\/az\/bizim-haqqimizda\/#breadcrumb"},"inLanguage":"az","potentialAction":[{"@type":"ReadAction","target":["https:\/\/tcgeorgia.com.ge\/az\/bizim-haqqimizda\/"]}]},{"@type":"ImageObject","inLanguage":"az","@id":"https:\/\/tcgeorgia.com.ge\/az\/bizim-haqqimizda\/#primaryimage","url":"https:\/\/tcgeorgia.com.ge\/wp-content\/uploads\/2024\/01\/2-min.jpeg","contentUrl":"https:\/\/tcgeorgia.com.ge\/wp-content\/uploads\/2024\/01\/2-min.jpeg"},{"@type":"BreadcrumbList","@id":"https:\/\/tcgeorgia.com.ge\/az\/bizim-haqqimizda\/#breadcrumb","itemListElement":[{"@type":"ListItem","position":1,"name":"Home","item":"https:\/\/tcgeorgia.com.ge\/"},{"@type":"ListItem","position":2,"name":"bizim haqq\u0131m\u0131zda"}]},{"@type":"WebSite","@id":"https:\/\/tcgeorgia.com.ge\/#website","url":"https:\/\/tcgeorgia.com.ge\/","name":"TCGEORGIA","description":"","publisher":{"@id":"https:\/\/tcgeorgia.com.ge\/#organization"},"potentialAction":[{"@type":"SearchAction","target":{"@type":"EntryPoint","urlTemplate":"https:\/\/tcgeorgia.com.ge\/?s={search_term_string}"},"query-input":{"@type":"PropertyValueSpecification","valueRequired":true,"valueName":"search_term_string"}}],"inLanguage":"az"},{"@type":"Organization","@id":"https:\/\/tcgeorgia.com.ge\/#organization","name":"TCGEORGIA","url":"https:\/\/tcgeorgia.com.ge\/","logo":{"@type":"ImageObject","inLanguage":"az","@id":"https:\/\/tcgeorgia.com.ge\/#\/schema\/logo\/image\/","url":"https:\/\/tcgeorgia.com.ge\/wp-content\/uploads\/2024\/01\/Untitled-design-1.png","contentUrl":"https:\/\/tcgeorgia.com.ge\/wp-content\/uploads\/2024\/01\/Untitled-design-1.png","width":1743,"height":573,"caption":"TCGEORGIA"},"image":{"@id":"https:\/\/tcgeorgia.com.ge\/#\/schema\/logo\/image\/"}}]}},"_links":{"self":[{"href":"https:\/\/tcgeorgia.com.ge\/az\/wp-json\/wp\/v2\/pages\/834","targetHints":{"allow":["GET"]}}],"collection":[{"href":"https:\/\/tcgeorgia.com.ge\/az\/wp-json\/wp\/v2\/pages"}],"about":[{"href":"https:\/\/tcgeorgia.com.ge\/az\/wp-json\/wp\/v2\/types\/page"}],"author":[{"embeddable":true,"href":"https:\/\/tcgeorgia.com.ge\/az\/wp-json\/wp\/v2\/users\/1"}],"replies":[{"embeddable":true,"href":"https:\/\/tcgeorgia.com.ge\/az\/wp-json\/wp\/v2\/comments?post=834"}],"version-history":[{"count":1,"href":"https:\/\/tcgeorgia.com.ge\/az\/wp-json\/wp\/v2\/pages\/834\/revisions"}],"predecessor-version":[{"id":835,"href":"https:\/\/tcgeorgia.com.ge\/az\/wp-json\/wp\/v2\/pages\/834\/revisions\/835"}],"wp:attachment":[{"href":"https:\/\/tcgeorgia.com.ge\/az\/wp-json\/wp\/v2\/media?parent=834"}],"curies":[{"name":"wp","href":"https:\/\/api.w.org\/{rel}","templated":true}]}}